{"id":18,"date":"2012-10-19T14:18:06","date_gmt":"2012-10-19T17:18:06","guid":{"rendered":"http:\/\/frea.edu.br\/site\/?page_id=18"},"modified":"2017-06-06T07:59:03","modified_gmt":"2017-06-06T10:59:03","slug":"contato","status":"publish","type":"page","link":"https:\/\/frea.edu.br\/site\/index.php\/contato\/","title":{"rendered":"Contato"},"content":{"rendered":"<p>Preencha o formul\u00e1rio de contato com suas d\u00favidas, sugest\u00f5es ou cr\u00edticas.<\/p>\n\n<div class=\"wpcf7 no-js\" id=\"wpcf7-f1313-o1\" lang=\"pt-BR\" dir=\"ltr\" data-wpcf7-id=\"1313\">\n<div class=\"screen-reader-response\"><p role=\"status\" aria-live=\"polite\" aria-atomic=\"true\"><\/p> <ul><\/ul><\/div>\n<form action=\"\/site\/index.php\/wp-json\/wp\/v2\/pages\/18#wpcf7-f1313-o1\" method=\"post\" class=\"wpcf7-form init\" aria-label=\"Formul\u00e1rios de contato\" novalidate=\"novalidate\" data-status=\"init\">\n<fieldset class=\"hidden-fields-container\"><input type=\"hidden\" name=\"_wpcf7\" value=\"1313\" \/><input type=\"hidden\" name=\"_wpcf7_version\" value=\"6.1.5\" \/><input type=\"hidden\" name=\"_wpcf7_locale\" value=\"pt_BR\" \/><input type=\"hidden\" name=\"_wpcf7_unit_tag\" value=\"wpcf7-f1313-o1\" \/><input type=\"hidden\" name=\"_wpcf7_container_post\" value=\"0\" \/><input type=\"hidden\" name=\"_wpcf7_posted_data_hash\" value=\"\" \/><input type=\"hidden\" name=\"_wpcf7cf_hidden_group_fields\" value=\"[]\" \/><input type=\"hidden\" name=\"_wpcf7cf_hidden_groups\" value=\"[]\" \/><input type=\"hidden\" name=\"_wpcf7cf_visible_groups\" value=\"[]\" \/><input type=\"hidden\" name=\"_wpcf7cf_repeaters\" value=\"[]\" \/><input type=\"hidden\" name=\"_wpcf7cf_steps\" value=\"{}\" \/><input type=\"hidden\" name=\"_wpcf7cf_options\" value=\"{&quot;form_id&quot;:1313,&quot;conditions&quot;:[],&quot;settings&quot;:{&quot;animation&quot;:&quot;yes&quot;,&quot;animation_intime&quot;:200,&quot;animation_outtime&quot;:200,&quot;conditions_ui&quot;:&quot;normal&quot;,&quot;notice_dismissed&quot;:false}}\" \/>\n<\/fieldset>\n<p>Seu nome (obrigat\u00f3rio)\n<\/p>\n<p><span class=\"wpcf7-form-control-wrap\" data-name=\"your-name\"><input size=\"40\" maxlength=\"400\" class=\"wpcf7-form-control wpcf7-text wpcf7-validates-as-required\" aria-required=\"true\" aria-invalid=\"false\" value=\"\" type=\"text\" name=\"your-name\" \/><\/span>\n<\/p>\n<p>Seu e-mail (obrigat\u00f3rio)\n<\/p>\n<p><span class=\"wpcf7-form-control-wrap\" data-name=\"your-email\"><input size=\"40\" maxlength=\"400\" class=\"wpcf7-form-control wpcf7-email wpcf7-validates-as-required wpcf7-text wpcf7-validates-as-email\" aria-required=\"true\" aria-invalid=\"false\" value=\"\" type=\"email\" name=\"your-email\" \/><\/span>\n<\/p>\n<p>Assunto\n<\/p>\n<p><span class=\"wpcf7-form-control-wrap\" data-name=\"your-subject\"><input size=\"40\" maxlength=\"400\" class=\"wpcf7-form-control wpcf7-text\" aria-invalid=\"false\" value=\"\" type=\"text\" name=\"your-subject\" \/><\/span>\n<\/p>\n<p>Sua mensagem\n<\/p>\n<p><span class=\"wpcf7-form-control-wrap\" data-name=\"your-message\"><textarea cols=\"40\" rows=\"10\" maxlength=\"2000\" class=\"wpcf7-form-control wpcf7-textarea\" aria-invalid=\"false\" name=\"your-message\"><\/textarea><\/span>\n<\/p>\n<p><input class=\"wpcf7-form-control wpcf7-submit has-spinner\" type=\"submit\" value=\"Enviar\" \/>\n<\/p><div class=\"wpcf7-response-output\" aria-hidden=\"true\"><\/div>\n<\/form>\n<\/div>\n\n","protected":false},"excerpt":{"rendered":"<p>Preencha o formul\u00e1rio de contato com suas d\u00favidas, sugest\u00f5es ou cr\u00edticas.<\/p>\n","protected":false},"author":2,"featured_media":0,"parent":0,"menu_order":5,"comment_status":"closed","ping_status":"closed","template":"","meta":{"footnotes":""},"class_list":["post-18","page","type-page","status-publish","hentry"],"yoast_head":"<!-- This site is optimized with the Yoast SEO plugin v27.3 - https:\/\/yoast.com\/product\/yoast-seo-wordpress\/ -->\n<title>Contato - FREA<\/title>\n<meta name=\"robots\" content=\"index, follow, max-snippet:-1, max-image-preview:large, max-video-preview:-1\" \/>\n<link rel=\"canonical\" href=\"https:\/\/frea.edu.br\/site\/index.php\/contato\/\" \/>\n<meta property=\"og:locale\" content=\"pt_BR\" \/>\n<meta property=\"og:type\" content=\"article\" \/>\n<meta property=\"og:title\" content=\"Contato - FREA\" \/>\n<meta property=\"og:description\" content=\"Preencha o formul\u00e1rio de contato com suas d\u00favidas, sugest\u00f5es ou cr\u00edticas.\" \/>\n<meta property=\"og:url\" content=\"https:\/\/frea.edu.br\/site\/index.php\/contato\/\" \/>\n<meta property=\"og:site_name\" content=\"FREA\" \/>\n<meta property=\"article:modified_time\" content=\"2017-06-06T10:59:03+00:00\" \/>\n<script type=\"application\/ld+json\" class=\"yoast-schema-graph\">{\"@context\":\"https:\\\/\\\/schema.org\",\"@graph\":[{\"@type\":\"WebPage\",\"@id\":\"https:\\\/\\\/frea.edu.br\\\/site\\\/index.php\\\/contato\\\/\",\"url\":\"https:\\\/\\\/frea.edu.br\\\/site\\\/index.php\\\/contato\\\/\",\"name\":\"Contato - FREA\",\"isPartOf\":{\"@id\":\"https:\\\/\\\/frea.edu.br\\\/site\\\/#website\"},\"datePublished\":\"2012-10-19T17:18:06+00:00\",\"dateModified\":\"2017-06-06T10:59:03+00:00\",\"breadcrumb\":{\"@id\":\"https:\\\/\\\/frea.edu.br\\\/site\\\/index.php\\\/contato\\\/#breadcrumb\"},\"inLanguage\":\"pt-BR\",\"potentialAction\":[{\"@type\":\"ReadAction\",\"target\":[\"https:\\\/\\\/frea.edu.br\\\/site\\\/index.php\\\/contato\\\/\"]}]},{\"@type\":\"BreadcrumbList\",\"@id\":\"https:\\\/\\\/frea.edu.br\\\/site\\\/index.php\\\/contato\\\/#breadcrumb\",\"itemListElement\":[{\"@type\":\"ListItem\",\"position\":1,\"name\":\"In\u00edcio\",\"item\":\"https:\\\/\\\/frea.edu.br\\\/site\\\/\"},{\"@type\":\"ListItem\",\"position\":2,\"name\":\"Contato\"}]},{\"@type\":\"WebSite\",\"@id\":\"https:\\\/\\\/frea.edu.br\\\/site\\\/#website\",\"url\":\"https:\\\/\\\/frea.edu.br\\\/site\\\/\",\"name\":\"FREA\",\"description\":\"Funda\u00e7\u00e3o Regional Educacional de Avar\u00e9\",\"publisher\":{\"@id\":\"https:\\\/\\\/frea.edu.br\\\/site\\\/#organization\"},\"potentialAction\":[{\"@type\":\"SearchAction\",\"target\":{\"@type\":\"EntryPoint\",\"urlTemplate\":\"https:\\\/\\\/frea.edu.br\\\/site\\\/?s={search_term_string}\"},\"query-input\":{\"@type\":\"PropertyValueSpecification\",\"valueRequired\":true,\"valueName\":\"search_term_string\"}}],\"inLanguage\":\"pt-BR\"},{\"@type\":\"Organization\",\"@id\":\"https:\\\/\\\/frea.edu.br\\\/site\\\/#organization\",\"name\":\"FREA\",\"url\":\"https:\\\/\\\/frea.edu.br\\\/site\\\/\",\"logo\":{\"@type\":\"ImageObject\",\"inLanguage\":\"pt-BR\",\"@id\":\"https:\\\/\\\/frea.edu.br\\\/site\\\/#\\\/schema\\\/logo\\\/image\\\/\",\"url\":\"https:\\\/\\\/frea.edu.br\\\/site\\\/wp-content\\\/uploads\\\/2017\\\/06\\\/frea-logo-1.jpg\",\"contentUrl\":\"https:\\\/\\\/frea.edu.br\\\/site\\\/wp-content\\\/uploads\\\/2017\\\/06\\\/frea-logo-1.jpg\",\"width\":473,\"height\":118,\"caption\":\"FREA\"},\"image\":{\"@id\":\"https:\\\/\\\/frea.edu.br\\\/site\\\/#\\\/schema\\\/logo\\\/image\\\/\"}}]}<\/script>\n<!-- \/ Yoast SEO plugin. -->","yoast_head_json":{"title":"Contato - FREA","robots":{"index":"index","follow":"follow","max-snippet":"max-snippet:-1","max-image-preview":"max-image-preview:large","max-video-preview":"max-video-preview:-1"},"canonical":"https:\/\/frea.edu.br\/site\/index.php\/contato\/","og_locale":"pt_BR","og_type":"article","og_title":"Contato - FREA","og_description":"Preencha o formul\u00e1rio de contato com suas d\u00favidas, sugest\u00f5es ou cr\u00edticas.","og_url":"https:\/\/frea.edu.br\/site\/index.php\/contato\/","og_site_name":"FREA","article_modified_time":"2017-06-06T10:59:03+00:00","schema":{"@context":"https:\/\/schema.org","@graph":[{"@type":"WebPage","@id":"https:\/\/frea.edu.br\/site\/index.php\/contato\/","url":"https:\/\/frea.edu.br\/site\/index.php\/contato\/","name":"Contato - FREA","isPartOf":{"@id":"https:\/\/frea.edu.br\/site\/#website"},"datePublished":"2012-10-19T17:18:06+00:00","dateModified":"2017-06-06T10:59:03+00:00","breadcrumb":{"@id":"https:\/\/frea.edu.br\/site\/index.php\/contato\/#breadcrumb"},"inLanguage":"pt-BR","potentialAction":[{"@type":"ReadAction","target":["https:\/\/frea.edu.br\/site\/index.php\/contato\/"]}]},{"@type":"BreadcrumbList","@id":"https:\/\/frea.edu.br\/site\/index.php\/contato\/#breadcrumb","itemListElement":[{"@type":"ListItem","position":1,"name":"In\u00edcio","item":"https:\/\/frea.edu.br\/site\/"},{"@type":"ListItem","position":2,"name":"Contato"}]},{"@type":"WebSite","@id":"https:\/\/frea.edu.br\/site\/#website","url":"https:\/\/frea.edu.br\/site\/","name":"FREA","description":"Funda\u00e7\u00e3o Regional Educacional de Avar\u00e9","publisher":{"@id":"https:\/\/frea.edu.br\/site\/#organization"},"potentialAction":[{"@type":"SearchAction","target":{"@type":"EntryPoint","urlTemplate":"https:\/\/frea.edu.br\/site\/?s={search_term_string}"},"query-input":{"@type":"PropertyValueSpecification","valueRequired":true,"valueName":"search_term_string"}}],"inLanguage":"pt-BR"},{"@type":"Organization","@id":"https:\/\/frea.edu.br\/site\/#organization","name":"FREA","url":"https:\/\/frea.edu.br\/site\/","logo":{"@type":"ImageObject","inLanguage":"pt-BR","@id":"https:\/\/frea.edu.br\/site\/#\/schema\/logo\/image\/","url":"https:\/\/frea.edu.br\/site\/wp-content\/uploads\/2017\/06\/frea-logo-1.jpg","contentUrl":"https:\/\/frea.edu.br\/site\/wp-content\/uploads\/2017\/06\/frea-logo-1.jpg","width":473,"height":118,"caption":"FREA"},"image":{"@id":"https:\/\/frea.edu.br\/site\/#\/schema\/logo\/image\/"}}]}},"_links":{"self":[{"href":"https:\/\/frea.edu.br\/site\/index.php\/wp-json\/wp\/v2\/pages\/18","targetHints":{"allow":["GET"]}}],"collection":[{"href":"https:\/\/frea.edu.br\/site\/index.php\/wp-json\/wp\/v2\/pages"}],"about":[{"href":"https:\/\/frea.edu.br\/site\/index.php\/wp-json\/wp\/v2\/types\/page"}],"author":[{"embeddable":true,"href":"https:\/\/frea.edu.br\/site\/index.php\/wp-json\/wp\/v2\/users\/2"}],"replies":[{"embeddable":true,"href":"https:\/\/frea.edu.br\/site\/index.php\/wp-json\/wp\/v2\/comments?post=18"}],"version-history":[{"count":11,"href":"https:\/\/frea.edu.br\/site\/index.php\/wp-json\/wp\/v2\/pages\/18\/revisions"}],"predecessor-version":[{"id":2610,"href":"https:\/\/frea.edu.br\/site\/index.php\/wp-json\/wp\/v2\/pages\/18\/revisions\/2610"}],"wp:attachment":[{"href":"https:\/\/frea.edu.br\/site\/index.php\/wp-json\/wp\/v2\/media?parent=18"}],"curies":[{"name":"wp","href":"https:\/\/api.w.org\/{rel}","templated":true}]}}