{"id":230,"date":"2013-01-24T17:18:00","date_gmt":"2013-01-24T19:18:00","guid":{"rendered":"http:\/\/frea.edu.br\/site\/?page_id=230"},"modified":"2026-03-18T15:29:43","modified_gmt":"2026-03-18T18:29:43","slug":"telefones-e-ramais","status":"publish","type":"page","link":"https:\/\/frea.edu.br\/site\/index.php\/contato\/telefones-e-ramais\/","title":{"rendered":"Telefones e Ramais"},"content":{"rendered":"<table style=\"height: 1949px; width: 41.3989%;\" width=\"430\">\n<tbody>\n<tr style=\"background-color: #86dba1;\">\n<td style=\"width: 411px; text-align: center; height: 32px;\" colspan=\"3\">FREA<\/td>\n<\/tr>\n<tr style=\"height: 32px;\">\n<td style=\"width: 168px; height: 32px;\">Presidente<\/td>\n<td style=\"width: 171px; height: 32px;\">Edson Gabriel<\/td>\n<td style=\"width: 72px; height: 32px;\">211<\/td>\n<\/tr>\n<tr style=\"height: 32px;\">\n<td style=\"width: 168px; height: 32px;\">Dir. Executivo<\/td>\n<td style=\"width: 171px; height: 32px;\">Luiz Mourato<\/td>\n<td style=\"width: 72px; height: 32px;\">207<\/td>\n<\/tr>\n<tr style=\"height: 32px;\">\n<td style=\"width: 168px; height: 32px;\">Dir. Financeiro<\/td>\n<td style=\"width: 171px; height: 32px;\">Rog\u00e9rio Silvestre<\/td>\n<td style=\"width: 72px; height: 32px;\">233<\/td>\n<\/tr>\n<tr style=\"height: 32px;\">\n<td style=\"width: 168px; height: 32px;\">Secretaria Geral<\/td>\n<td style=\"width: 171px; height: 32px;\">Regina Faria<\/td>\n<td style=\"width: 72px; height: 32px;\">218<\/td>\n<\/tr>\n<tr style=\"height: 32px;\">\n<td style=\"width: 168px; height: 32px;\">Biblioteca<\/td>\n<td style=\"width: 171px; height: 32px;\">Hetiane | Edson<\/td>\n<td style=\"width: 72px; height: 32px;\">205<\/td>\n<\/tr>\n<tr style=\"height: 32px;\">\n<td style=\"width: 168px; height: 32px;\">Cabine Telef\u00f4nica<\/td>\n<td style=\"width: 171px; height: 32px;\">Denise<\/td>\n<td style=\"width: 72px; height: 32px;\">200 \/ 9<\/td>\n<\/tr>\n<tr style=\"height: 32px;\">\n<td style=\"width: 168px; height: 32px;\">Contabilidade<\/td>\n<td style=\"width: 171px; height: 32px;\">Eliete<\/td>\n<td style=\"width: 72px; height: 32px;\">212<\/td>\n<\/tr>\n<tr style=\"height: 32px;\">\n<td style=\"width: 168px; height: 32px;\">Cozinha<\/td>\n<td style=\"width: 171px; height: 32px;\"><\/td>\n<td style=\"width: 72px; height: 32px;\">221<\/td>\n<\/tr>\n<tr style=\"height: 32px;\">\n<td style=\"width: 168px; height: 32px;\">CPD 1<\/td>\n<td style=\"width: 171px; height: 32px;\">Gustavo | Paulo<\/td>\n<td style=\"width: 72px; height: 32px;\">246 \/ 249<\/td>\n<\/tr>\n<tr style=\"height: 32px;\">\n<td style=\"width: 168px; height: 32px;\">CPD 2<\/td>\n<td style=\"width: 171px; height: 32px;\">Erik<\/td>\n<td style=\"width: 72px; height: 32px;\">250<\/td>\n<\/tr>\n<tr style=\"height: 32px;\">\n<td style=\"width: 168px; height: 32px;\">Depto. Apostilas<\/td>\n<td style=\"width: 171px; height: 32px;\">Ana Elce<\/td>\n<td style=\"width: 72px; height: 32px;\">210<\/td>\n<\/tr>\n<tr style=\"height: 32px;\">\n<td style=\"width: 168px; height: 32px;\">Depto. Cobran\u00e7as 1<\/td>\n<td style=\"width: 171px; height: 32px;\">N\u00e9ia<\/td>\n<td style=\"width: 72px; height: 32px;\">255<\/td>\n<\/tr>\n<tr style=\"height: 32px;\">\n<td style=\"width: 168px; height: 32px;\">Depto. Cobran\u00e7as 2<\/td>\n<td style=\"width: 171px; height: 32px;\">Samanta<\/td>\n<td style=\"width: 72px; height: 32px;\">253<\/td>\n<\/tr>\n<tr style=\"height: 61px;\">\n<td style=\"width: 168px; height: 61px;\">Depto. Compras<\/td>\n<td style=\"width: 171px; height: 61px;\">Jos\u00e9 Carlos (Bola) |\u00a0 Dino<\/td>\n<td style=\"width: 72px; height: 61px;\">214<\/td>\n<\/tr>\n<tr style=\"height: 32px;\">\n<td style=\"width: 168px; height: 32px;\">Depto. Financeiro 1<\/td>\n<td style=\"width: 171px; height: 32px;\">Rog\u00e9rio Silvestre<\/td>\n<td style=\"width: 72px; height: 32px;\">208<\/td>\n<\/tr>\n<tr style=\"height: 32px;\">\n<td style=\"width: 168px; height: 32px;\">Depto. Financeiro 2<\/td>\n<td style=\"width: 171px; height: 32px;\">Lorena Tegani<\/td>\n<td style=\"width: 72px; height: 32px;\">254<\/td>\n<\/tr>\n<tr style=\"height: 32px;\">\n<td style=\"width: 168px; height: 32px;\">Depto. Jur\u00eddico<\/td>\n<td style=\"width: 171px; height: 32px;\">Nath\u00e1lia | Felipe | Ariel<\/td>\n<td style=\"width: 72px; height: 32px;\">247<\/td>\n<\/tr>\n<tr style=\"height: 32px;\">\n<td style=\"width: 168px; height: 32px;\">Depto. Licita\u00e7\u00e3o<\/td>\n<td style=\"width: 171px; height: 32px;\">Ana Elce<\/td>\n<td style=\"width: 72px; height: 32px;\">215<\/td>\n<\/tr>\n<tr style=\"height: 32px;\">\n<td style=\"width: 168px; height: 32px;\">Depto. Manuten\u00e7\u00e3o<\/td>\n<td style=\"width: 171px; height: 32px;\">Marcos Pereira<\/td>\n<td style=\"width: 72px; height: 32px;\">217<\/td>\n<\/tr>\n<tr style=\"height: 32px;\">\n<td style=\"width: 168px; height: 32px;\">Depto. Pessoal RH<\/td>\n<td style=\"width: 171px; height: 32px;\">Cl\u00e1udia Pera | Marcella<\/td>\n<td style=\"width: 72px; height: 32px;\">222<\/td>\n<\/tr>\n<tr style=\"height: 32px;\">\n<td style=\"width: 168px; height: 32px;\">Portaria<\/td>\n<td style=\"width: 171px; height: 32px;\">Cl\u00e9o | Adriana<\/td>\n<td style=\"width: 72px; height: 32px;\">248<\/td>\n<\/tr>\n<tr style=\"height: 32px;\">\n<td style=\"width: 168px; height: 32px;\">Protocolo 1<\/td>\n<td style=\"width: 171px; height: 32px;\">Luana | Carlos<\/td>\n<td style=\"width: 72px; height: 32px;\">225<\/td>\n<\/tr>\n<tr style=\"height: 32px;\">\n<td style=\"width: 168px; height: 32px;\">Protocolo 2<\/td>\n<td style=\"width: 171px; height: 32px;\">M\u00e1rcia<\/td>\n<td style=\"width: 72px; height: 32px;\">231<\/td>\n<\/tr>\n<tr style=\"height: 32px;\">\n<td style=\"width: 168px; height: 32px;\">Psic\u00f3loga<\/td>\n<td style=\"width: 171px; height: 32px;\">N\u00e9lbea<\/td>\n<td style=\"width: 72px; height: 32px;\">219<\/td>\n<\/tr>\n<tr style=\"height: 61px;\">\n<td style=\"width: 168px; height: 61px;\">Sala de Apoio Ens. M\u00e9dio<\/td>\n<td style=\"width: 171px; height: 61px;\"><\/td>\n<td style=\"width: 72px; height: 61px;\">226<\/td>\n<\/tr>\n<tr style=\"height: 32px;\">\n<td style=\"width: 168px; height: 32px;\">Sala de Apoio Fund. I<\/td>\n<td style=\"width: 171px; height: 32px;\"><\/td>\n<td style=\"width: 72px; height: 32px;\">252<\/td>\n<\/tr>\n<tr style=\"height: 32px;\">\n<td style=\"width: 168px; height: 32px;\">Sala de Espelho<\/td>\n<td style=\"width: 171px; height: 32px;\"><\/td>\n<td style=\"width: 72px; height: 32px;\">243<\/td>\n<\/tr>\n<tr style=\"height: 32px;\">\n<td style=\"width: 168px; height: 32px;\">Sala dos Professores<\/td>\n<td style=\"width: 171px; height: 32px;\"><\/td>\n<td style=\"width: 72px; height: 32px;\">223<\/td>\n<\/tr>\n<tr style=\"height: 32px;\">\n<td style=\"width: 168px; height: 32px;\">Xerox<\/td>\n<td style=\"width: 171px; height: 32px;\">Eliana<\/td>\n<td style=\"width: 72px; height: 32px;\">229<\/td>\n<\/tr>\n<tr style=\"height: 32px;\">\n<td style=\"width: 168px; height: 32px;\"><\/td>\n<td style=\"width: 171px; height: 32px;\"><\/td>\n<td style=\"width: 72px; height: 32px;\"><\/td>\n<\/tr>\n<tr style=\"background-color: #86dba1;\">\n<td style=\"width: 411px; height: 32px; text-align: center;\" colspan=\"3\">COL\u00c9GIO<\/td>\n<\/tr>\n<tr style=\"height: 32px;\">\n<td style=\"width: 168px; height: 32px;\">Dire\u00e7\u00e3o<\/td>\n<td style=\"width: 171px; height: 32px;\">Viviane Trench<\/td>\n<td style=\"width: 72px; height: 32px;\">230<\/td>\n<\/tr>\n<tr style=\"height: 61px;\">\n<td style=\"width: 168px; height: 61px;\">Secretaria<\/td>\n<td style=\"width: 171px; height: 61px;\">\u00a0Aline<\/td>\n<td style=\"width: 72px; height: 61px;\">234<\/td>\n<\/tr>\n<tr style=\"height: 61px;\">\n<td style=\"width: 168px; height: 61px;\">Coord. Ed. Infantil 3 e 4<\/td>\n<td style=\"width: 171px; height: 61px;\">Carol<\/td>\n<td style=\"width: 72px; height: 61px;\">206<\/td>\n<\/tr>\n<tr style=\"height: 32px;\">\n<td style=\"width: 168px; height: 32px;\">Coord. Fund. I<\/td>\n<td style=\"width: 171px; height: 32px;\">Fernanda Masculi<\/td>\n<td style=\"width: 72px; height: 32px;\">228<\/td>\n<\/tr>\n<tr style=\"height: 61px;\">\n<td style=\"width: 168px; height: 61px;\">Coord. Fund. II<\/td>\n<td style=\"width: 171px; height: 61px;\">Isis Lino Kemp Galhardo<\/td>\n<td style=\"width: 72px; height: 61px;\">236<\/td>\n<\/tr>\n<tr style=\"height: 24px;\">\n<td style=\"width: 168px; height: 24px;\">Coord. Ens. M\u00e9dio<\/td>\n<td style=\"width: 171px; height: 24px;\">Rosangela Ap. Araujo Ferreira<\/td>\n<td style=\"width: 72px; height: 24px;\">238<\/td>\n<\/tr>\n<tr style=\"height: 32px;\">\n<td style=\"width: 168px; height: 32px;\">Coord. de Esportes<\/td>\n<td style=\"width: 171px; height: 32px;\"><\/td>\n<td style=\"width: 72px; height: 32px;\"><\/td>\n<\/tr>\n<tr style=\"height: 32px;\">\n<td style=\"width: 168px; height: 32px;\">Coord. de Eventos<\/td>\n<td style=\"width: 171px; height: 32px;\">Nancy Yoko T. Damasceno<\/td>\n<td style=\"width: 72px; height: 32px;\">209<\/td>\n<\/tr>\n<tr style=\"height: 32px;\">\n<td style=\"width: 168px; height: 32px;\"><\/td>\n<td style=\"width: 171px; height: 32px;\"><\/td>\n<td style=\"width: 72px; height: 32px;\"><\/td>\n<\/tr>\n<tr style=\"background-color: #86dba1;\">\n<td style=\"width: 411px; height: 32px; text-align: center;\" colspan=\"3\">FIRA<\/td>\n<\/tr>\n<tr style=\"height: 32px;\">\n<td style=\"width: 168px; height: 32px;\">Dire\u00e7\u00e3o<\/td>\n<td style=\"width: 171px; height: 32px;\">Lucilene Patr\u00edcia Mazzolin<\/td>\n<td style=\"width: 72px; height: 32px;\">237<\/td>\n<\/tr>\n<tr style=\"height: 61px;\">\n<td style=\"width: 168px; height: 61px;\">Secretaria<\/td>\n<td style=\"width: 171px; height: 61px;\">Tatiana<\/td>\n<td style=\"width: 72px; height: 61px;\">216<\/td>\n<\/tr>\n<tr style=\"height: 32px;\">\n<td style=\"width: 168px; height: 32px;\">Coordena\u00e7\u00e3o FIRA<\/td>\n<td style=\"width: 171px; height: 32px;\">M\u00e1rcio Sanches<\/td>\n<td style=\"width: 72px; height: 32px;\">240<\/td>\n<\/tr>\n<tr style=\"height: 61px;\">\n<td style=\"width: 168px; height: 61px;\">Coord. de Educa\u00e7\u00e3o F\u00edsica<\/td>\n<td style=\"width: 171px; height: 61px;\">Luiz Carlos Alves Junior<\/td>\n<td style=\"width: 72px; height: 61px;\">244<\/td>\n<\/tr>\n<tr style=\"height: 32px;\">\n<td style=\"width: 168px; height: 32px;\">Coord. de Esportes<\/td>\n<td style=\"width: 171px; height: 32px;\"><\/td>\n<td style=\"width: 72px; height: 32px;\"><\/td>\n<\/tr>\n<tr style=\"height: 61px;\">\n<td style=\"width: 168px; height: 61px;\">Coord. de Letras | Hist. | Ped.<\/td>\n<td style=\"width: 171px; height: 61px;\">Rosangela Ap. Araujo Ferreira<\/td>\n<td style=\"width: 72px; height: 61px;\">236<\/td>\n<\/tr>\n<tr style=\"height: 61px;\">\n<td style=\"width: 168px; height: 61px;\">Coord. de Mat. | Qu\u00edm. | Biol.<\/td>\n<td style=\"width: 171px; height: 61px;\"><\/td>\n<td style=\"width: 72px; height: 61px;\"><\/td>\n<\/tr>\n<tr style=\"height: 32px;\">\n<td style=\"width: 168px; height: 32px;\">Coord. Melhor Idade<\/td>\n<td style=\"width: 171px; height: 32px;\">Carminha Faria<\/td>\n<td style=\"width: 72px; height: 32px;\">239<\/td>\n<\/tr>\n<tr style=\"height: 32px;\">\n<td style=\"width: 168px; height: 32px;\"><\/td>\n<td style=\"width: 171px; height: 32px;\"><\/td>\n<td style=\"width: 72px; height: 32px;\"><\/td>\n<\/tr>\n<tr style=\"background-color: #86dba1;\">\n<td style=\"width: 411px; height: 32px; text-align: center;\" colspan=\"3\"><\/td>\n<\/tr>\n<tr style=\"height: 32px;\">\n<td style=\"width: 168px; height: 32px;\">Cabine Telef\u00f4nica<\/td>\n<td style=\"width: 171px; height: 32px;\">Denise<\/td>\n<td style=\"width: 72px; height: 32px;\">3711-1828<\/td>\n<\/tr>\n<\/tbody>\n<\/table>\n","protected":false},"excerpt":{"rendered":"<p>FREA Presidente Edson Gabriel 211 Dir. Executivo Luiz Mourato 207 Dir. Financeiro Rog\u00e9rio Silvestre 233 Secretaria Geral Regina Faria 218 Biblioteca Hetiane | Edson 205 Cabine Telef\u00f4nica Denise 200 \/ 9 Contabilidade Eliete 212 Cozinha 221 CPD 1 Gustavo | Paulo 246 \/ 249 CPD 2 Erik 250 Depto. Apostilas Ana Elce 210 Depto. Cobran\u00e7as <a href=\"https:\/\/frea.edu.br\/site\/index.php\/contato\/telefones-e-ramais\/\" rel=\"nofollow\"><span class=\"sr-only\">Read more about Telefones e Ramais<\/span>[&hellip;]<\/a><\/p>\n","protected":false},"author":2,"featured_media":0,"parent":18,"menu_order":0,"comment_status":"closed","ping_status":"closed","template":"","meta":{"footnotes":""},"class_list":["post-230","page","type-page","status-publish","hentry"],"yoast_head":"<!-- This site is optimized with the Yoast SEO plugin v27.3 - https:\/\/yoast.com\/product\/yoast-seo-wordpress\/ -->\n<title>Telefones e Ramais - FREA<\/title>\n<meta name=\"description\" content=\"Telefones e Ramais - FUNDA\u00c7\u00c3O REGIONAL EDUCACIONAL DE AVAR\u00c9 - FREA\" \/>\n<meta name=\"robots\" content=\"index, follow, max-snippet:-1, max-image-preview:large, max-video-preview:-1\" \/>\n<link rel=\"canonical\" href=\"https:\/\/frea.edu.br\/site\/index.php\/contato\/telefones-e-ramais\/\" \/>\n<meta property=\"og:locale\" content=\"pt_BR\" \/>\n<meta property=\"og:type\" content=\"article\" \/>\n<meta property=\"og:title\" content=\"Telefones e Ramais - FREA\" \/>\n<meta property=\"og:description\" content=\"Telefones e Ramais - FUNDA\u00c7\u00c3O REGIONAL EDUCACIONAL DE AVAR\u00c9 - FREA\" \/>\n<meta property=\"og:url\" content=\"https:\/\/frea.edu.br\/site\/index.php\/contato\/telefones-e-ramais\/\" \/>\n<meta property=\"og:site_name\" content=\"FREA\" \/>\n<meta property=\"article:modified_time\" content=\"2026-03-18T18:29:43+00:00\" \/>\n<meta name=\"twitter:label1\" content=\"Est. tempo de leitura\" \/>\n\t<meta name=\"twitter:data1\" content=\"2 minutos\" \/>\n<script type=\"application\/ld+json\" class=\"yoast-schema-graph\">{\"@context\":\"https:\\\/\\\/schema.org\",\"@graph\":[{\"@type\":\"WebPage\",\"@id\":\"https:\\\/\\\/frea.edu.br\\\/site\\\/index.php\\\/contato\\\/telefones-e-ramais\\\/\",\"url\":\"https:\\\/\\\/frea.edu.br\\\/site\\\/index.php\\\/contato\\\/telefones-e-ramais\\\/\",\"name\":\"Telefones e Ramais - FREA\",\"isPartOf\":{\"@id\":\"https:\\\/\\\/frea.edu.br\\\/site\\\/#website\"},\"datePublished\":\"2013-01-24T19:18:00+00:00\",\"dateModified\":\"2026-03-18T18:29:43+00:00\",\"description\":\"Telefones e Ramais - FUNDA\u00c7\u00c3O REGIONAL EDUCACIONAL DE AVAR\u00c9 - FREA\",\"breadcrumb\":{\"@id\":\"https:\\\/\\\/frea.edu.br\\\/site\\\/index.php\\\/contato\\\/telefones-e-ramais\\\/#breadcrumb\"},\"inLanguage\":\"pt-BR\",\"potentialAction\":[{\"@type\":\"ReadAction\",\"target\":[\"https:\\\/\\\/frea.edu.br\\\/site\\\/index.php\\\/contato\\\/telefones-e-ramais\\\/\"]}]},{\"@type\":\"BreadcrumbList\",\"@id\":\"https:\\\/\\\/frea.edu.br\\\/site\\\/index.php\\\/contato\\\/telefones-e-ramais\\\/#breadcrumb\",\"itemListElement\":[{\"@type\":\"ListItem\",\"position\":1,\"name\":\"In\u00edcio\",\"item\":\"https:\\\/\\\/frea.edu.br\\\/site\\\/\"},{\"@type\":\"ListItem\",\"position\":2,\"name\":\"Contato\",\"item\":\"https:\\\/\\\/frea.edu.br\\\/site\\\/index.php\\\/contato\\\/\"},{\"@type\":\"ListItem\",\"position\":3,\"name\":\"Telefones e Ramais\"}]},{\"@type\":\"WebSite\",\"@id\":\"https:\\\/\\\/frea.edu.br\\\/site\\\/#website\",\"url\":\"https:\\\/\\\/frea.edu.br\\\/site\\\/\",\"name\":\"FREA\",\"description\":\"Funda\u00e7\u00e3o Regional Educacional de Avar\u00e9\",\"publisher\":{\"@id\":\"https:\\\/\\\/frea.edu.br\\\/site\\\/#organization\"},\"potentialAction\":[{\"@type\":\"SearchAction\",\"target\":{\"@type\":\"EntryPoint\",\"urlTemplate\":\"https:\\\/\\\/frea.edu.br\\\/site\\\/?s={search_term_string}\"},\"query-input\":{\"@type\":\"PropertyValueSpecification\",\"valueRequired\":true,\"valueName\":\"search_term_string\"}}],\"inLanguage\":\"pt-BR\"},{\"@type\":\"Organization\",\"@id\":\"https:\\\/\\\/frea.edu.br\\\/site\\\/#organization\",\"name\":\"FREA\",\"url\":\"https:\\\/\\\/frea.edu.br\\\/site\\\/\",\"logo\":{\"@type\":\"ImageObject\",\"inLanguage\":\"pt-BR\",\"@id\":\"https:\\\/\\\/frea.edu.br\\\/site\\\/#\\\/schema\\\/logo\\\/image\\\/\",\"url\":\"https:\\\/\\\/frea.edu.br\\\/site\\\/wp-content\\\/uploads\\\/2017\\\/06\\\/frea-logo-1.jpg\",\"contentUrl\":\"https:\\\/\\\/frea.edu.br\\\/site\\\/wp-content\\\/uploads\\\/2017\\\/06\\\/frea-logo-1.jpg\",\"width\":473,\"height\":118,\"caption\":\"FREA\"},\"image\":{\"@id\":\"https:\\\/\\\/frea.edu.br\\\/site\\\/#\\\/schema\\\/logo\\\/image\\\/\"}}]}<\/script>\n<!-- \/ Yoast SEO plugin. -->","yoast_head_json":{"title":"Telefones e Ramais - FREA","description":"Telefones e Ramais - FUNDA\u00c7\u00c3O REGIONAL EDUCACIONAL DE AVAR\u00c9 - FREA","robots":{"index":"index","follow":"follow","max-snippet":"max-snippet:-1","max-image-preview":"max-image-preview:large","max-video-preview":"max-video-preview:-1"},"canonical":"https:\/\/frea.edu.br\/site\/index.php\/contato\/telefones-e-ramais\/","og_locale":"pt_BR","og_type":"article","og_title":"Telefones e Ramais - FREA","og_description":"Telefones e Ramais - FUNDA\u00c7\u00c3O REGIONAL EDUCACIONAL DE AVAR\u00c9 - FREA","og_url":"https:\/\/frea.edu.br\/site\/index.php\/contato\/telefones-e-ramais\/","og_site_name":"FREA","article_modified_time":"2026-03-18T18:29:43+00:00","twitter_misc":{"Est. tempo de leitura":"2 minutos"},"schema":{"@context":"https:\/\/schema.org","@graph":[{"@type":"WebPage","@id":"https:\/\/frea.edu.br\/site\/index.php\/contato\/telefones-e-ramais\/","url":"https:\/\/frea.edu.br\/site\/index.php\/contato\/telefones-e-ramais\/","name":"Telefones e Ramais - FREA","isPartOf":{"@id":"https:\/\/frea.edu.br\/site\/#website"},"datePublished":"2013-01-24T19:18:00+00:00","dateModified":"2026-03-18T18:29:43+00:00","description":"Telefones e Ramais - FUNDA\u00c7\u00c3O REGIONAL EDUCACIONAL DE AVAR\u00c9 - FREA","breadcrumb":{"@id":"https:\/\/frea.edu.br\/site\/index.php\/contato\/telefones-e-ramais\/#breadcrumb"},"inLanguage":"pt-BR","potentialAction":[{"@type":"ReadAction","target":["https:\/\/frea.edu.br\/site\/index.php\/contato\/telefones-e-ramais\/"]}]},{"@type":"BreadcrumbList","@id":"https:\/\/frea.edu.br\/site\/index.php\/contato\/telefones-e-ramais\/#breadcrumb","itemListElement":[{"@type":"ListItem","position":1,"name":"In\u00edcio","item":"https:\/\/frea.edu.br\/site\/"},{"@type":"ListItem","position":2,"name":"Contato","item":"https:\/\/frea.edu.br\/site\/index.php\/contato\/"},{"@type":"ListItem","position":3,"name":"Telefones e Ramais"}]},{"@type":"WebSite","@id":"https:\/\/frea.edu.br\/site\/#website","url":"https:\/\/frea.edu.br\/site\/","name":"FREA","description":"Funda\u00e7\u00e3o Regional Educacional de Avar\u00e9","publisher":{"@id":"https:\/\/frea.edu.br\/site\/#organization"},"potentialAction":[{"@type":"SearchAction","target":{"@type":"EntryPoint","urlTemplate":"https:\/\/frea.edu.br\/site\/?s={search_term_string}"},"query-input":{"@type":"PropertyValueSpecification","valueRequired":true,"valueName":"search_term_string"}}],"inLanguage":"pt-BR"},{"@type":"Organization","@id":"https:\/\/frea.edu.br\/site\/#organization","name":"FREA","url":"https:\/\/frea.edu.br\/site\/","logo":{"@type":"ImageObject","inLanguage":"pt-BR","@id":"https:\/\/frea.edu.br\/site\/#\/schema\/logo\/image\/","url":"https:\/\/frea.edu.br\/site\/wp-content\/uploads\/2017\/06\/frea-logo-1.jpg","contentUrl":"https:\/\/frea.edu.br\/site\/wp-content\/uploads\/2017\/06\/frea-logo-1.jpg","width":473,"height":118,"caption":"FREA"},"image":{"@id":"https:\/\/frea.edu.br\/site\/#\/schema\/logo\/image\/"}}]}},"_links":{"self":[{"href":"https:\/\/frea.edu.br\/site\/index.php\/wp-json\/wp\/v2\/pages\/230","targetHints":{"allow":["GET"]}}],"collection":[{"href":"https:\/\/frea.edu.br\/site\/index.php\/wp-json\/wp\/v2\/pages"}],"about":[{"href":"https:\/\/frea.edu.br\/site\/index.php\/wp-json\/wp\/v2\/types\/page"}],"author":[{"embeddable":true,"href":"https:\/\/frea.edu.br\/site\/index.php\/wp-json\/wp\/v2\/users\/2"}],"replies":[{"embeddable":true,"href":"https:\/\/frea.edu.br\/site\/index.php\/wp-json\/wp\/v2\/comments?post=230"}],"version-history":[{"count":34,"href":"https:\/\/frea.edu.br\/site\/index.php\/wp-json\/wp\/v2\/pages\/230\/revisions"}],"predecessor-version":[{"id":5817,"href":"https:\/\/frea.edu.br\/site\/index.php\/wp-json\/wp\/v2\/pages\/230\/revisions\/5817"}],"up":[{"embeddable":true,"href":"https:\/\/frea.edu.br\/site\/index.php\/wp-json\/wp\/v2\/pages\/18"}],"wp:attachment":[{"href":"https:\/\/frea.edu.br\/site\/index.php\/wp-json\/wp\/v2\/media?parent=230"}],"curies":[{"name":"wp","href":"https:\/\/api.w.org\/{rel}","templated":true}]}}