{"id":232,"date":"2013-01-24T17:18:33","date_gmt":"2013-01-24T19:18:33","guid":{"rendered":"http:\/\/frea.edu.br\/site\/?page_id=232"},"modified":"2026-02-20T14:05:59","modified_gmt":"2026-02-20T17:05:59","slug":"emails","status":"publish","type":"page","link":"https:\/\/frea.edu.br\/site\/index.php\/contato\/emails\/","title":{"rendered":"Emails"},"content":{"rendered":"<table border=\"0\" width=\"495\" cellspacing=\"0\" cellpadding=\"0\">\n<colgroup>\n<col width=\"188\" \/>\n<col width=\"116\" \/>\n<col width=\"191\" \/> <\/colgroup>\n<tbody>\n<tr style=\"background-color: #95cc98;\">\n<td style=\"width: 198px;\" width=\"188\" height=\"20\">Departamento<\/td>\n<td style=\"width: 148px;\" width=\"116\">Respons\u00e1vel<\/td>\n<td style=\"width: 147px;\" width=\"191\">E-mail<\/td>\n<\/tr>\n<tr>\n<td style=\"width: 198px;\" height=\"20\">Biblioteca<\/td>\n<td style=\"width: 148px;\">Hetiane, Edson<\/td>\n<td style=\"width: 147px;\"><a href=\"mailto:biblioteca@frea.edu.br\">biblioteca@frea.edu.br<\/a><\/td>\n<\/tr>\n<tr>\n<td style=\"width: 198px;\" height=\"20\">Coordena\u00e7\u00e3o\u00a0de Artes, Letras e Hist\u00f3ria<\/td>\n<td style=\"width: 148px;\">Rosangela Aparecida Ara\u00fajo Ferreira<\/td>\n<td style=\"width: 147px;\"><a href=\"mailto:rosangela@fira.edu.br\">rosangela@fira.edu.br<\/a><\/td>\n<\/tr>\n<tr>\n<td style=\"width: 198px;\" height=\"20\">Coordena\u00e7\u00e3o\u00a0de Qu\u00edmica, Matem\u00e1tica e Ci\u00eancias Biol\u00f3gicas<\/td>\n<td style=\"width: 148px;\"><\/td>\n<td style=\"width: 147px;\"><a href=\"mailto:exatas@frea.edu.br\">exatas@frea.edu.br<\/a><\/td>\n<\/tr>\n<tr>\n<td style=\"width: 198px;\" height=\"20\">Coordena\u00e7\u00e3o\u00a0de Educa\u00e7\u00e3o F\u00edsica Licenciatura e Bacharelado:<\/td>\n<td style=\"width: 148px;\">Luiz Carlos A. Junior<\/td>\n<td style=\"width: 147px;\"><a href=\"mailto:prof.luiz@fira.edu.br\">prof.luiz@fira.edu.br<\/a><\/td>\n<\/tr>\n<tr>\n<td style=\"width: 198px;\" height=\"20\">Coordena\u00e7\u00e3o\u00a0de Pedagogia<\/td>\n<td style=\"width: 148px;\"><\/td>\n<td style=\"width: 147px;\"><\/td>\n<\/tr>\n<tr>\n<td style=\"width: 198px;\" height=\"20\">Compras<\/td>\n<td style=\"width: 148px;\">Jos\u00e9 Carlos<\/td>\n<td style=\"width: 147px;\"><a href=\"mailto:compras@frea.edu.br\">compras@frea.edu.br<\/a><\/td>\n<\/tr>\n<tr>\n<td style=\"width: 198px;\" height=\"20\">Contabilidade<\/td>\n<td style=\"width: 148px;\">Eliete<\/td>\n<td style=\"width: 147px;\"><a href=\"mailto:contabilidade@frea.edu.br\">contabilidade@frea.edu.br<\/a><\/td>\n<\/tr>\n<tr>\n<td style=\"width: 198px;\" height=\"20\">Departamento Pessoal<\/td>\n<td style=\"width: 148px;\">Claudia Pera<\/td>\n<td style=\"width: 147px;\"><a href=\"mailto:rh@frea.edu.br\">rh@frea.edu.br<\/a><\/td>\n<\/tr>\n<tr>\n<td style=\"width: 198px;\" height=\"20\">Diretor Executivo<\/td>\n<td style=\"width: 148px;\">Luiz Mourato Neto<\/td>\n<td style=\"width: 147px;\"><a href=\"mailto:executivo@frea.edu.br\">executivo@frea.edu.br<\/a><\/td>\n<\/tr>\n<tr>\n<td style=\"width: 198px;\" height=\"20\">Dire\u00e7\u00e3o Pedag\u00f3gica Col\u00e9gio<\/td>\n<td style=\"width: 148px;\">Viviane Trench<\/td>\n<td style=\"width: 147px;\"><a href=\"mailto:direcaocolegio@frea.edu.br\">direcaocolegio@frea.edu.br<\/a><\/td>\n<\/tr>\n<tr>\n<td style=\"width: 198px;\" height=\"20\">Dire\u00e7\u00e3o Pedag\u00f3gica Fira<\/td>\n<td style=\"width: 148px;\">Lucilene Patr\u00edcia Mazzolin<\/td>\n<td style=\"width: 147px;\"><a href=\"mailto:direcaofira@frea.edu.br\">direcaofira@frea.edu.br<\/a><\/td>\n<\/tr>\n<tr>\n<td style=\"width: 198px;\" height=\"20\">Esporte Col\u00e9gio<\/td>\n<td style=\"width: 148px;\"><\/td>\n<td style=\"width: 147px;\"><a href=\"mailto:esportecolegio@frea.edu.br\">esportecolegio@frea.edu.br<\/a><\/td>\n<\/tr>\n<tr>\n<td style=\"width: 198px;\" height=\"20\">Eventos Col\u00e9gio<\/td>\n<td style=\"width: 148px;\">Nancy Yoko<\/td>\n<td style=\"width: 147px;\"><a href=\"mailto:eventos@frea.edu.br\">eventos@frea.edu.br<\/a><\/td>\n<\/tr>\n<tr>\n<td style=\"width: 198px;\" height=\"20\">Eventos FIRA<\/td>\n<td style=\"width: 148px;\"><\/td>\n<td style=\"width: 147px;\"><a href=\"mailto:eventosfira@frea.edu.br\">eventosfira@frea.edu.br<\/a><\/td>\n<\/tr>\n<tr>\n<td style=\"width: 198px;\" height=\"20\">Financeiro<\/td>\n<td style=\"width: 148px;\">Rog\u00e9rio Silvestre<\/td>\n<td style=\"width: 147px;\"><a href=\"mailto:financeiro@frea.edu.br\">financeiro@frea.edu.br<\/a><\/td>\n<\/tr>\n<tr>\n<td style=\"width: 198px;\" height=\"20\">Coord. Ens. Fundamental I<\/td>\n<td style=\"width: 148px;\">Fernanda Masculi<\/td>\n<td style=\"width: 147px;\"><a href=\"mailto:fundamental1@frea.edu.br\">fundamental1@frea.edu.br<\/a><\/td>\n<\/tr>\n<tr>\n<td style=\"width: 198px;\" height=\"20\">Coord. Ens. Fundamental II<\/td>\n<td style=\"width: 148px;\">Isis Lino Kemp Galhardo<\/td>\n<td style=\"width: 147px;\"><a href=\"mailto:fundamental2@frea.edu.br\">fundamental2@frea.edu.br<\/a><\/td>\n<\/tr>\n<tr>\n<td style=\"width: 198px;\">Coord. Ens. M\u00e9dio<\/td>\n<td style=\"width: 148px;\">Rosangela Ap. Araujo Ferreira<\/td>\n<td style=\"width: 147px;\"><a href=\"mailto:ensinomedio@frea.edu.br\">ensinomedio@frea.edu.br<\/a><\/td>\n<\/tr>\n<tr>\n<td style=\"width: 198px;\" height=\"20\">Jur\u00eddico<\/td>\n<td style=\"width: 148px;\">Nathalia e Felipe<\/td>\n<td style=\"width: 147px;\"><a href=\"mailto:juridico@frea.edu.br\">juridico@frea.edu.br<\/a><\/td>\n<\/tr>\n<tr>\n<td style=\"width: 198px;\" height=\"20\">Laborat\u00f3rios<\/td>\n<td style=\"width: 148px;\"><\/td>\n<td style=\"width: 147px;\"><a href=\"mailto:laboratorios@frea.edu.br\">laboratorios@frea.edu.br<\/a><\/td>\n<\/tr>\n<tr>\n<td style=\"width: 198px;\" height=\"20\">Licita\u00e7\u00f5es<\/td>\n<td style=\"width: 148px;\">Ana Elce A. Sampaio<\/td>\n<td style=\"width: 147px;\"><a href=\"mailto:licitacoes@frea.edu.br\">licitacoes@frea.edu.br<\/a><\/td>\n<\/tr>\n<tr>\n<td style=\"width: 198px;\" height=\"20\">Presidente<\/td>\n<td style=\"width: 148px;\">Edson Gabriel da Silva<\/td>\n<td style=\"width: 147px;\"><a href=\"mailto:presidente@frea.edu.br\">presidente@frea.edu.br<\/a><\/td>\n<\/tr>\n<tr>\n<td style=\"width: 198px;\" height=\"20\">Protocolo<\/td>\n<td style=\"width: 148px;\">Luana, Carlos e M\u00e1rcia<\/td>\n<td style=\"width: 147px;\"><a href=\"mailto:protocolo@frea.edu.br\">protocolo@frea.edu.br<\/a><\/td>\n<\/tr>\n<tr>\n<td style=\"width: 198px;\" height=\"20\">Sec. Dir. Ped. FIRA<\/td>\n<td style=\"width: 148px;\">M\u00e1rcio Sanches<\/td>\n<td style=\"width: 147px;\"><a href=\"mailto:provafira@frea.edu.br\">provafira@frea.edu.br<\/a><\/td>\n<\/tr>\n<tr>\n<td style=\"width: 198px;\" height=\"20\">Secretaria Geral<\/td>\n<td style=\"width: 148px;\">Regina Faria<\/td>\n<td style=\"width: 147px;\"><a href=\"mailto:secretaria@frea.edu.br\">secretaria@frea.edu.br<\/a><\/td>\n<\/tr>\n<tr>\n<td style=\"width: 198px;\" height=\"20\">Xerox<\/td>\n<td style=\"width: 148px;\">Eliana<\/td>\n<td style=\"width: 147px;\"><a href=\"mailto:xerox@frea.edu.br\">xerox@frea.edu.br<\/a><\/td>\n<\/tr>\n<\/tbody>\n<\/table>\n","protected":false},"excerpt":{"rendered":"<p>Departamento Respons\u00e1vel E-mail Biblioteca Hetiane, Edson biblioteca@frea.edu.br Coordena\u00e7\u00e3o\u00a0de Artes, Letras e Hist\u00f3ria Rosangela Aparecida Ara\u00fajo Ferreira rosangela@fira.edu.br Coordena\u00e7\u00e3o\u00a0de Qu\u00edmica, Matem\u00e1tica e Ci\u00eancias Biol\u00f3gicas exatas@frea.edu.br Coordena\u00e7\u00e3o\u00a0de Educa\u00e7\u00e3o F\u00edsica Licenciatura e Bacharelado: Luiz Carlos A. Junior prof.luiz@fira.edu.br Coordena\u00e7\u00e3o\u00a0de Pedagogia Compras Jos\u00e9 Carlos compras@frea.edu.br Contabilidade Eliete contabilidade@frea.edu.br Departamento Pessoal Claudia Pera rh@frea.edu.br Diretor Executivo Luiz Mourato Neto executivo@frea.edu.br <a href=\"https:\/\/frea.edu.br\/site\/index.php\/contato\/emails\/\" rel=\"nofollow\"><span class=\"sr-only\">Read more about Emails<\/span>[&hellip;]<\/a><\/p>\n","protected":false},"author":2,"featured_media":0,"parent":18,"menu_order":0,"comment_status":"closed","ping_status":"closed","template":"","meta":{"footnotes":""},"class_list":["post-232","page","type-page","status-publish","hentry"],"yoast_head":"<!-- This site is optimized with the Yoast SEO plugin v27.3 - https:\/\/yoast.com\/product\/yoast-seo-wordpress\/ -->\n<title>Emails - FREA<\/title>\n<meta name=\"robots\" content=\"index, follow, max-snippet:-1, max-image-preview:large, max-video-preview:-1\" \/>\n<link rel=\"canonical\" href=\"https:\/\/frea.edu.br\/site\/index.php\/contato\/emails\/\" \/>\n<meta property=\"og:locale\" content=\"pt_BR\" \/>\n<meta property=\"og:type\" content=\"article\" \/>\n<meta property=\"og:title\" content=\"Emails - FREA\" \/>\n<meta property=\"og:description\" content=\"Departamento Respons\u00e1vel E-mail Biblioteca Hetiane, Edson biblioteca@frea.edu.br Coordena\u00e7\u00e3o\u00a0de Artes, Letras e Hist\u00f3ria Rosangela Aparecida Ara\u00fajo Ferreira rosangela@fira.edu.br Coordena\u00e7\u00e3o\u00a0de Qu\u00edmica, Matem\u00e1tica e Ci\u00eancias Biol\u00f3gicas exatas@frea.edu.br Coordena\u00e7\u00e3o\u00a0de Educa\u00e7\u00e3o F\u00edsica Licenciatura e Bacharelado: Luiz Carlos A. Junior prof.luiz@fira.edu.br Coordena\u00e7\u00e3o\u00a0de Pedagogia Compras Jos\u00e9 Carlos compras@frea.edu.br Contabilidade Eliete contabilidade@frea.edu.br Departamento Pessoal Claudia Pera rh@frea.edu.br Diretor Executivo Luiz Mourato Neto executivo@frea.edu.br Read more about Emails[&hellip;]\" \/>\n<meta property=\"og:url\" content=\"https:\/\/frea.edu.br\/site\/index.php\/contato\/emails\/\" \/>\n<meta property=\"og:site_name\" content=\"FREA\" \/>\n<meta property=\"article:modified_time\" content=\"2026-02-20T17:05:59+00:00\" \/>\n<meta name=\"twitter:label1\" content=\"Est. tempo de leitura\" \/>\n\t<meta name=\"twitter:data1\" content=\"1 minuto\" \/>\n<script type=\"application\/ld+json\" class=\"yoast-schema-graph\">{\"@context\":\"https:\\\/\\\/schema.org\",\"@graph\":[{\"@type\":\"WebPage\",\"@id\":\"https:\\\/\\\/frea.edu.br\\\/site\\\/index.php\\\/contato\\\/emails\\\/\",\"url\":\"https:\\\/\\\/frea.edu.br\\\/site\\\/index.php\\\/contato\\\/emails\\\/\",\"name\":\"Emails - FREA\",\"isPartOf\":{\"@id\":\"https:\\\/\\\/frea.edu.br\\\/site\\\/#website\"},\"datePublished\":\"2013-01-24T19:18:33+00:00\",\"dateModified\":\"2026-02-20T17:05:59+00:00\",\"breadcrumb\":{\"@id\":\"https:\\\/\\\/frea.edu.br\\\/site\\\/index.php\\\/contato\\\/emails\\\/#breadcrumb\"},\"inLanguage\":\"pt-BR\",\"potentialAction\":[{\"@type\":\"ReadAction\",\"target\":[\"https:\\\/\\\/frea.edu.br\\\/site\\\/index.php\\\/contato\\\/emails\\\/\"]}]},{\"@type\":\"BreadcrumbList\",\"@id\":\"https:\\\/\\\/frea.edu.br\\\/site\\\/index.php\\\/contato\\\/emails\\\/#breadcrumb\",\"itemListElement\":[{\"@type\":\"ListItem\",\"position\":1,\"name\":\"In\u00edcio\",\"item\":\"https:\\\/\\\/frea.edu.br\\\/site\\\/\"},{\"@type\":\"ListItem\",\"position\":2,\"name\":\"Contato\",\"item\":\"https:\\\/\\\/frea.edu.br\\\/site\\\/index.php\\\/contato\\\/\"},{\"@type\":\"ListItem\",\"position\":3,\"name\":\"Emails\"}]},{\"@type\":\"WebSite\",\"@id\":\"https:\\\/\\\/frea.edu.br\\\/site\\\/#website\",\"url\":\"https:\\\/\\\/frea.edu.br\\\/site\\\/\",\"name\":\"FREA\",\"description\":\"Funda\u00e7\u00e3o Regional Educacional de Avar\u00e9\",\"publisher\":{\"@id\":\"https:\\\/\\\/frea.edu.br\\\/site\\\/#organization\"},\"potentialAction\":[{\"@type\":\"SearchAction\",\"target\":{\"@type\":\"EntryPoint\",\"urlTemplate\":\"https:\\\/\\\/frea.edu.br\\\/site\\\/?s={search_term_string}\"},\"query-input\":{\"@type\":\"PropertyValueSpecification\",\"valueRequired\":true,\"valueName\":\"search_term_string\"}}],\"inLanguage\":\"pt-BR\"},{\"@type\":\"Organization\",\"@id\":\"https:\\\/\\\/frea.edu.br\\\/site\\\/#organization\",\"name\":\"FREA\",\"url\":\"https:\\\/\\\/frea.edu.br\\\/site\\\/\",\"logo\":{\"@type\":\"ImageObject\",\"inLanguage\":\"pt-BR\",\"@id\":\"https:\\\/\\\/frea.edu.br\\\/site\\\/#\\\/schema\\\/logo\\\/image\\\/\",\"url\":\"https:\\\/\\\/frea.edu.br\\\/site\\\/wp-content\\\/uploads\\\/2017\\\/06\\\/frea-logo-1.jpg\",\"contentUrl\":\"https:\\\/\\\/frea.edu.br\\\/site\\\/wp-content\\\/uploads\\\/2017\\\/06\\\/frea-logo-1.jpg\",\"width\":473,\"height\":118,\"caption\":\"FREA\"},\"image\":{\"@id\":\"https:\\\/\\\/frea.edu.br\\\/site\\\/#\\\/schema\\\/logo\\\/image\\\/\"}}]}<\/script>\n<!-- \/ Yoast SEO plugin. -->","yoast_head_json":{"title":"Emails - FREA","robots":{"index":"index","follow":"follow","max-snippet":"max-snippet:-1","max-image-preview":"max-image-preview:large","max-video-preview":"max-video-preview:-1"},"canonical":"https:\/\/frea.edu.br\/site\/index.php\/contato\/emails\/","og_locale":"pt_BR","og_type":"article","og_title":"Emails - FREA","og_description":"Departamento Respons\u00e1vel E-mail Biblioteca Hetiane, Edson biblioteca@frea.edu.br Coordena\u00e7\u00e3o\u00a0de Artes, Letras e Hist\u00f3ria Rosangela Aparecida Ara\u00fajo Ferreira rosangela@fira.edu.br Coordena\u00e7\u00e3o\u00a0de Qu\u00edmica, Matem\u00e1tica e Ci\u00eancias Biol\u00f3gicas exatas@frea.edu.br Coordena\u00e7\u00e3o\u00a0de Educa\u00e7\u00e3o F\u00edsica Licenciatura e Bacharelado: Luiz Carlos A. Junior prof.luiz@fira.edu.br Coordena\u00e7\u00e3o\u00a0de Pedagogia Compras Jos\u00e9 Carlos compras@frea.edu.br Contabilidade Eliete contabilidade@frea.edu.br Departamento Pessoal Claudia Pera rh@frea.edu.br Diretor Executivo Luiz Mourato Neto executivo@frea.edu.br Read more about Emails[&hellip;]","og_url":"https:\/\/frea.edu.br\/site\/index.php\/contato\/emails\/","og_site_name":"FREA","article_modified_time":"2026-02-20T17:05:59+00:00","twitter_misc":{"Est. tempo de leitura":"1 minuto"},"schema":{"@context":"https:\/\/schema.org","@graph":[{"@type":"WebPage","@id":"https:\/\/frea.edu.br\/site\/index.php\/contato\/emails\/","url":"https:\/\/frea.edu.br\/site\/index.php\/contato\/emails\/","name":"Emails - FREA","isPartOf":{"@id":"https:\/\/frea.edu.br\/site\/#website"},"datePublished":"2013-01-24T19:18:33+00:00","dateModified":"2026-02-20T17:05:59+00:00","breadcrumb":{"@id":"https:\/\/frea.edu.br\/site\/index.php\/contato\/emails\/#breadcrumb"},"inLanguage":"pt-BR","potentialAction":[{"@type":"ReadAction","target":["https:\/\/frea.edu.br\/site\/index.php\/contato\/emails\/"]}]},{"@type":"BreadcrumbList","@id":"https:\/\/frea.edu.br\/site\/index.php\/contato\/emails\/#breadcrumb","itemListElement":[{"@type":"ListItem","position":1,"name":"In\u00edcio","item":"https:\/\/frea.edu.br\/site\/"},{"@type":"ListItem","position":2,"name":"Contato","item":"https:\/\/frea.edu.br\/site\/index.php\/contato\/"},{"@type":"ListItem","position":3,"name":"Emails"}]},{"@type":"WebSite","@id":"https:\/\/frea.edu.br\/site\/#website","url":"https:\/\/frea.edu.br\/site\/","name":"FREA","description":"Funda\u00e7\u00e3o Regional Educacional de Avar\u00e9","publisher":{"@id":"https:\/\/frea.edu.br\/site\/#organization"},"potentialAction":[{"@type":"SearchAction","target":{"@type":"EntryPoint","urlTemplate":"https:\/\/frea.edu.br\/site\/?s={search_term_string}"},"query-input":{"@type":"PropertyValueSpecification","valueRequired":true,"valueName":"search_term_string"}}],"inLanguage":"pt-BR"},{"@type":"Organization","@id":"https:\/\/frea.edu.br\/site\/#organization","name":"FREA","url":"https:\/\/frea.edu.br\/site\/","logo":{"@type":"ImageObject","inLanguage":"pt-BR","@id":"https:\/\/frea.edu.br\/site\/#\/schema\/logo\/image\/","url":"https:\/\/frea.edu.br\/site\/wp-content\/uploads\/2017\/06\/frea-logo-1.jpg","contentUrl":"https:\/\/frea.edu.br\/site\/wp-content\/uploads\/2017\/06\/frea-logo-1.jpg","width":473,"height":118,"caption":"FREA"},"image":{"@id":"https:\/\/frea.edu.br\/site\/#\/schema\/logo\/image\/"}}]}},"_links":{"self":[{"href":"https:\/\/frea.edu.br\/site\/index.php\/wp-json\/wp\/v2\/pages\/232","targetHints":{"allow":["GET"]}}],"collection":[{"href":"https:\/\/frea.edu.br\/site\/index.php\/wp-json\/wp\/v2\/pages"}],"about":[{"href":"https:\/\/frea.edu.br\/site\/index.php\/wp-json\/wp\/v2\/types\/page"}],"author":[{"embeddable":true,"href":"https:\/\/frea.edu.br\/site\/index.php\/wp-json\/wp\/v2\/users\/2"}],"replies":[{"embeddable":true,"href":"https:\/\/frea.edu.br\/site\/index.php\/wp-json\/wp\/v2\/comments?post=232"}],"version-history":[{"count":30,"href":"https:\/\/frea.edu.br\/site\/index.php\/wp-json\/wp\/v2\/pages\/232\/revisions"}],"predecessor-version":[{"id":5796,"href":"https:\/\/frea.edu.br\/site\/index.php\/wp-json\/wp\/v2\/pages\/232\/revisions\/5796"}],"up":[{"embeddable":true,"href":"https:\/\/frea.edu.br\/site\/index.php\/wp-json\/wp\/v2\/pages\/18"}],"wp:attachment":[{"href":"https:\/\/frea.edu.br\/site\/index.php\/wp-json\/wp\/v2\/media?parent=232"}],"curies":[{"name":"wp","href":"https:\/\/api.w.org\/{rel}","templated":true}]}}