{"id":2390,"date":"2016-10-20T15:04:01","date_gmt":"2016-10-20T17:04:01","guid":{"rendered":"http:\/\/frea.edu.br\/site\/?page_id=2390"},"modified":"2020-01-13T17:01:09","modified_gmt":"2020-01-13T20:01:09","slug":"inicio-2","status":"publish","type":"page","link":"https:\/\/frea.edu.br\/site\/","title":{"rendered":"In\u00edcio"},"content":{"rendered":"","protected":false},"excerpt":{"rendered":"","protected":false},"author":2,"featured_media":0,"parent":0,"menu_order":0,"comment_status":"closed","ping_status":"closed","template":"","meta":{"footnotes":""},"class_list":["post-2390","page","type-page","status-publish","hentry"],"yoast_head":"<!-- This site is optimized with the Yoast SEO plugin v27.2 - https:\/\/yoast.com\/product\/yoast-seo-wordpress\/ -->\n<title>FREA - Funda\u00e7\u00e3o Regional Educacional de Avar\u00e9<\/title>\n<meta name=\"description\" content=\"A tradi\u00e7\u00e3o \u00e9 nossa. A oportunidade \u00e9 sua. Venha estudar na FREA. Acesse nosso site ou ligue-nos 14 - 3711 1828.\" \/>\n<meta name=\"robots\" content=\"index, follow, max-snippet:-1, max-image-preview:large, max-video-preview:-1\" \/>\n<link rel=\"canonical\" href=\"https:\/\/frea.edu.br\/site\/\" \/>\n<meta property=\"og:locale\" content=\"pt_BR\" \/>\n<meta property=\"og:type\" content=\"article\" \/>\n<meta property=\"og:title\" content=\"FREA - Funda\u00e7\u00e3o Regional Educacional de Avar\u00e9\" \/>\n<meta property=\"og:description\" content=\"A tradi\u00e7\u00e3o \u00e9 nossa. A oportunidade \u00e9 sua. Venha estudar na FREA. Acesse nosso site ou ligue-nos 14 - 3711 1828.\" \/>\n<meta property=\"og:url\" content=\"https:\/\/frea.edu.br\/site\/\" \/>\n<meta property=\"og:site_name\" content=\"FREA\" \/>\n<meta property=\"article:modified_time\" content=\"2020-01-13T20:01:09+00:00\" \/>\n<script type=\"application\/ld+json\" class=\"yoast-schema-graph\">{\"@context\":\"https:\/\/schema.org\",\"@graph\":[{\"@type\":\"WebPage\",\"@id\":\"https:\/\/frea.edu.br\/site\/\",\"url\":\"https:\/\/frea.edu.br\/site\/\",\"name\":\"FREA - Funda\u00e7\u00e3o Regional Educacional de Avar\u00e9\",\"isPartOf\":{\"@id\":\"https:\/\/frea.edu.br\/site\/#website\"},\"datePublished\":\"2016-10-20T17:04:01+00:00\",\"dateModified\":\"2020-01-13T20:01:09+00:00\",\"description\":\"A tradi\u00e7\u00e3o \u00e9 nossa. A oportunidade \u00e9 sua. Venha estudar na FREA. Acesse nosso site ou ligue-nos 14 - 3711 1828.\",\"breadcrumb\":{\"@id\":\"https:\/\/frea.edu.br\/site\/#breadcrumb\"},\"inLanguage\":\"pt-BR\",\"potentialAction\":[{\"@type\":\"ReadAction\",\"target\":[\"https:\/\/frea.edu.br\/site\/\"]}]},{\"@type\":\"BreadcrumbList\",\"@id\":\"https:\/\/frea.edu.br\/site\/#breadcrumb\",\"itemListElement\":[{\"@type\":\"ListItem\",\"position\":1,\"name\":\"In\u00edcio\",\"item\":\"https:\/\/frea.edu.br\/site\/\"},{\"@type\":\"ListItem\",\"position\":2,\"name\":\"In\u00edcio\"}]},{\"@type\":\"WebSite\",\"@id\":\"https:\/\/frea.edu.br\/site\/#website\",\"url\":\"https:\/\/frea.edu.br\/site\/\",\"name\":\"FREA\",\"description\":\"Funda\u00e7\u00e3o Regional Educacional de Avar\u00e9\",\"publisher\":{\"@id\":\"https:\/\/frea.edu.br\/site\/#organization\"},\"potentialAction\":[{\"@type\":\"SearchAction\",\"target\":{\"@type\":\"EntryPoint\",\"urlTemplate\":\"https:\/\/frea.edu.br\/site\/?s={search_term_string}\"},\"query-input\":{\"@type\":\"PropertyValueSpecification\",\"valueRequired\":true,\"valueName\":\"search_term_string\"}}],\"inLanguage\":\"pt-BR\"},{\"@type\":\"Organization\",\"@id\":\"https:\/\/frea.edu.br\/site\/#organization\",\"name\":\"FREA\",\"url\":\"https:\/\/frea.edu.br\/site\/\",\"logo\":{\"@type\":\"ImageObject\",\"inLanguage\":\"pt-BR\",\"@id\":\"https:\/\/frea.edu.br\/site\/#\/schema\/logo\/image\/\",\"url\":\"https:\/\/frea.edu.br\/site\/wp-content\/uploads\/2017\/06\/frea-logo-1.jpg\",\"contentUrl\":\"https:\/\/frea.edu.br\/site\/wp-content\/uploads\/2017\/06\/frea-logo-1.jpg\",\"width\":473,\"height\":118,\"caption\":\"FREA\"},\"image\":{\"@id\":\"https:\/\/frea.edu.br\/site\/#\/schema\/logo\/image\/\"}}]}<\/script>\n<!-- \/ Yoast SEO plugin. -->","yoast_head_json":{"title":"FREA - Funda\u00e7\u00e3o Regional Educacional de Avar\u00e9","description":"A tradi\u00e7\u00e3o \u00e9 nossa. A oportunidade \u00e9 sua. Venha estudar na FREA. Acesse nosso site ou ligue-nos 14 - 3711 1828.","robots":{"index":"index","follow":"follow","max-snippet":"max-snippet:-1","max-image-preview":"max-image-preview:large","max-video-preview":"max-video-preview:-1"},"canonical":"https:\/\/frea.edu.br\/site\/","og_locale":"pt_BR","og_type":"article","og_title":"FREA - Funda\u00e7\u00e3o Regional Educacional de Avar\u00e9","og_description":"A tradi\u00e7\u00e3o \u00e9 nossa. A oportunidade \u00e9 sua. Venha estudar na FREA. Acesse nosso site ou ligue-nos 14 - 3711 1828.","og_url":"https:\/\/frea.edu.br\/site\/","og_site_name":"FREA","article_modified_time":"2020-01-13T20:01:09+00:00","schema":{"@context":"https:\/\/schema.org","@graph":[{"@type":"WebPage","@id":"https:\/\/frea.edu.br\/site\/","url":"https:\/\/frea.edu.br\/site\/","name":"FREA - Funda\u00e7\u00e3o Regional Educacional de Avar\u00e9","isPartOf":{"@id":"https:\/\/frea.edu.br\/site\/#website"},"datePublished":"2016-10-20T17:04:01+00:00","dateModified":"2020-01-13T20:01:09+00:00","description":"A tradi\u00e7\u00e3o \u00e9 nossa. A oportunidade \u00e9 sua. Venha estudar na FREA. Acesse nosso site ou ligue-nos 14 - 3711 1828.","breadcrumb":{"@id":"https:\/\/frea.edu.br\/site\/#breadcrumb"},"inLanguage":"pt-BR","potentialAction":[{"@type":"ReadAction","target":["https:\/\/frea.edu.br\/site\/"]}]},{"@type":"BreadcrumbList","@id":"https:\/\/frea.edu.br\/site\/#breadcrumb","itemListElement":[{"@type":"ListItem","position":1,"name":"In\u00edcio","item":"https:\/\/frea.edu.br\/site\/"},{"@type":"ListItem","position":2,"name":"In\u00edcio"}]},{"@type":"WebSite","@id":"https:\/\/frea.edu.br\/site\/#website","url":"https:\/\/frea.edu.br\/site\/","name":"FREA","description":"Funda\u00e7\u00e3o Regional Educacional de Avar\u00e9","publisher":{"@id":"https:\/\/frea.edu.br\/site\/#organization"},"potentialAction":[{"@type":"SearchAction","target":{"@type":"EntryPoint","urlTemplate":"https:\/\/frea.edu.br\/site\/?s={search_term_string}"},"query-input":{"@type":"PropertyValueSpecification","valueRequired":true,"valueName":"search_term_string"}}],"inLanguage":"pt-BR"},{"@type":"Organization","@id":"https:\/\/frea.edu.br\/site\/#organization","name":"FREA","url":"https:\/\/frea.edu.br\/site\/","logo":{"@type":"ImageObject","inLanguage":"pt-BR","@id":"https:\/\/frea.edu.br\/site\/#\/schema\/logo\/image\/","url":"https:\/\/frea.edu.br\/site\/wp-content\/uploads\/2017\/06\/frea-logo-1.jpg","contentUrl":"https:\/\/frea.edu.br\/site\/wp-content\/uploads\/2017\/06\/frea-logo-1.jpg","width":473,"height":118,"caption":"FREA"},"image":{"@id":"https:\/\/frea.edu.br\/site\/#\/schema\/logo\/image\/"}}]}},"_links":{"self":[{"href":"https:\/\/frea.edu.br\/site\/index.php\/wp-json\/wp\/v2\/pages\/2390","targetHints":{"allow":["GET"]}}],"collection":[{"href":"https:\/\/frea.edu.br\/site\/index.php\/wp-json\/wp\/v2\/pages"}],"about":[{"href":"https:\/\/frea.edu.br\/site\/index.php\/wp-json\/wp\/v2\/types\/page"}],"author":[{"embeddable":true,"href":"https:\/\/frea.edu.br\/site\/index.php\/wp-json\/wp\/v2\/users\/2"}],"replies":[{"embeddable":true,"href":"https:\/\/frea.edu.br\/site\/index.php\/wp-json\/wp\/v2\/comments?post=2390"}],"version-history":[{"count":5,"href":"https:\/\/frea.edu.br\/site\/index.php\/wp-json\/wp\/v2\/pages\/2390\/revisions"}],"predecessor-version":[{"id":3553,"href":"https:\/\/frea.edu.br\/site\/index.php\/wp-json\/wp\/v2\/pages\/2390\/revisions\/3553"}],"wp:attachment":[{"href":"https:\/\/frea.edu.br\/site\/index.php\/wp-json\/wp\/v2\/media?parent=2390"}],"curies":[{"name":"wp","href":"https:\/\/api.w.org\/{rel}","templated":true}]}}