{"id":8,"date":"2012-10-19T14:15:40","date_gmt":"2012-10-19T17:15:40","guid":{"rendered":"http:\/\/frea.edu.br\/site\/?page_id=8"},"modified":"2017-09-25T16:05:30","modified_gmt":"2017-09-25T19:05:30","slug":"inicio","status":"publish","type":"page","link":"https:\/\/frea.edu.br\/site\/index.php\/inicio\/","title":{"rendered":"Bem-vindo!"},"content":{"rendered":"<p>&nbsp;<\/p>\n<!-- MetaSlider 2673 not found -->\n<p><img loading=\"lazy\" decoding=\"async\" class=\"aligncenter size-full wp-image-2671\" src=\"https:\/\/frea.edu.br\/site\/wp-content\/uploads\/2012\/10\/feira-da-educacao-2017.jpg\" alt=\"\" width=\"1280\" height=\"905\" srcset=\"https:\/\/frea.edu.br\/site\/wp-content\/uploads\/2012\/10\/feira-da-educacao-2017.jpg 1280w, https:\/\/frea.edu.br\/site\/wp-content\/uploads\/2012\/10\/feira-da-educacao-2017-300x212.jpg 300w, https:\/\/frea.edu.br\/site\/wp-content\/uploads\/2012\/10\/feira-da-educacao-2017-768x543.jpg 768w, https:\/\/frea.edu.br\/site\/wp-content\/uploads\/2012\/10\/feira-da-educacao-2017-1024x724.jpg 1024w\" sizes=\"auto, (max-width: 1280px) 100vw, 1280px\" \/><\/p>\n","protected":false},"excerpt":{"rendered":"<p>&nbsp;<\/p>\n","protected":false},"author":2,"featured_media":0,"parent":0,"menu_order":0,"comment_status":"closed","ping_status":"closed","template":"template-fullwidth-no-title.php","meta":{"footnotes":""},"class_list":["post-8","page","type-page","status-publish","hentry"],"yoast_head":"<!-- This site is optimized with the Yoast SEO plugin v27.2 - https:\/\/yoast.com\/product\/yoast-seo-wordpress\/ -->\n<title>FREA - FUNDA\u00c7\u00c3O REGIONAL EDUCACIONAL DE AVAR\u00c9<\/title>\n<meta name=\"description\" content=\"A tradi\u00e7\u00e3o \u00e9 nossa. A oportunidade \u00e9 sua. Venha estudar na FREA. Acesse nosso site ou ligue-nos 14 - 3711 1828.\" \/>\n<meta name=\"robots\" content=\"index, follow, max-snippet:-1, max-image-preview:large, max-video-preview:-1\" \/>\n<link rel=\"canonical\" href=\"https:\/\/frea.edu.br\/site\/index.php\/inicio\/\" \/>\n<meta property=\"og:locale\" content=\"pt_BR\" \/>\n<meta property=\"og:type\" content=\"article\" \/>\n<meta property=\"og:title\" content=\"FREA - FUNDA\u00c7\u00c3O REGIONAL EDUCACIONAL DE AVAR\u00c9\" \/>\n<meta property=\"og:description\" content=\"A tradi\u00e7\u00e3o \u00e9 nossa. A oportunidade \u00e9 sua. Venha estudar na FREA. Acesse nosso site ou ligue-nos 14 - 3711 1828.\" \/>\n<meta property=\"og:url\" content=\"https:\/\/frea.edu.br\/site\/index.php\/inicio\/\" \/>\n<meta property=\"og:site_name\" content=\"FREA\" \/>\n<meta property=\"article:modified_time\" content=\"2017-09-25T19:05:30+00:00\" \/>\n<meta property=\"og:image\" content=\"http:\/\/frea.edu.br\/site\/wp-content\/uploads\/2012\/10\/feira-da-educacao-2017.jpg\" \/>\n<script type=\"application\/ld+json\" class=\"yoast-schema-graph\">{\"@context\":\"https:\/\/schema.org\",\"@graph\":[{\"@type\":\"WebPage\",\"@id\":\"https:\/\/frea.edu.br\/site\/index.php\/inicio\/\",\"url\":\"https:\/\/frea.edu.br\/site\/index.php\/inicio\/\",\"name\":\"FREA - FUNDA\u00c7\u00c3O REGIONAL EDUCACIONAL DE AVAR\u00c9\",\"isPartOf\":{\"@id\":\"https:\/\/frea.edu.br\/site\/#website\"},\"primaryImageOfPage\":{\"@id\":\"https:\/\/frea.edu.br\/site\/index.php\/inicio\/#primaryimage\"},\"image\":{\"@id\":\"https:\/\/frea.edu.br\/site\/index.php\/inicio\/#primaryimage\"},\"thumbnailUrl\":\"http:\/\/frea.edu.br\/site\/wp-content\/uploads\/2012\/10\/feira-da-educacao-2017.jpg\",\"datePublished\":\"2012-10-19T17:15:40+00:00\",\"dateModified\":\"2017-09-25T19:05:30+00:00\",\"description\":\"A tradi\u00e7\u00e3o \u00e9 nossa. A oportunidade \u00e9 sua. Venha estudar na FREA. Acesse nosso site ou ligue-nos 14 - 3711 1828.\",\"breadcrumb\":{\"@id\":\"https:\/\/frea.edu.br\/site\/index.php\/inicio\/#breadcrumb\"},\"inLanguage\":\"pt-BR\",\"potentialAction\":[{\"@type\":\"ReadAction\",\"target\":[\"https:\/\/frea.edu.br\/site\/index.php\/inicio\/\"]}]},{\"@type\":\"ImageObject\",\"inLanguage\":\"pt-BR\",\"@id\":\"https:\/\/frea.edu.br\/site\/index.php\/inicio\/#primaryimage\",\"url\":\"http:\/\/frea.edu.br\/site\/wp-content\/uploads\/2012\/10\/feira-da-educacao-2017.jpg\",\"contentUrl\":\"http:\/\/frea.edu.br\/site\/wp-content\/uploads\/2012\/10\/feira-da-educacao-2017.jpg\"},{\"@type\":\"BreadcrumbList\",\"@id\":\"https:\/\/frea.edu.br\/site\/index.php\/inicio\/#breadcrumb\",\"itemListElement\":[{\"@type\":\"ListItem\",\"position\":1,\"name\":\"In\u00edcio\",\"item\":\"https:\/\/frea.edu.br\/site\/\"},{\"@type\":\"ListItem\",\"position\":2,\"name\":\"Bem-vindo!\"}]},{\"@type\":\"WebSite\",\"@id\":\"https:\/\/frea.edu.br\/site\/#website\",\"url\":\"https:\/\/frea.edu.br\/site\/\",\"name\":\"FREA\",\"description\":\"Funda\u00e7\u00e3o Regional Educacional de Avar\u00e9\",\"publisher\":{\"@id\":\"https:\/\/frea.edu.br\/site\/#organization\"},\"potentialAction\":[{\"@type\":\"SearchAction\",\"target\":{\"@type\":\"EntryPoint\",\"urlTemplate\":\"https:\/\/frea.edu.br\/site\/?s={search_term_string}\"},\"query-input\":{\"@type\":\"PropertyValueSpecification\",\"valueRequired\":true,\"valueName\":\"search_term_string\"}}],\"inLanguage\":\"pt-BR\"},{\"@type\":\"Organization\",\"@id\":\"https:\/\/frea.edu.br\/site\/#organization\",\"name\":\"FREA\",\"url\":\"https:\/\/frea.edu.br\/site\/\",\"logo\":{\"@type\":\"ImageObject\",\"inLanguage\":\"pt-BR\",\"@id\":\"https:\/\/frea.edu.br\/site\/#\/schema\/logo\/image\/\",\"url\":\"https:\/\/frea.edu.br\/site\/wp-content\/uploads\/2017\/06\/frea-logo-1.jpg\",\"contentUrl\":\"https:\/\/frea.edu.br\/site\/wp-content\/uploads\/2017\/06\/frea-logo-1.jpg\",\"width\":473,\"height\":118,\"caption\":\"FREA\"},\"image\":{\"@id\":\"https:\/\/frea.edu.br\/site\/#\/schema\/logo\/image\/\"}}]}<\/script>\n<!-- \/ Yoast SEO plugin. -->","yoast_head_json":{"title":"FREA - FUNDA\u00c7\u00c3O REGIONAL EDUCACIONAL DE AVAR\u00c9","description":"A tradi\u00e7\u00e3o \u00e9 nossa. A oportunidade \u00e9 sua. Venha estudar na FREA. Acesse nosso site ou ligue-nos 14 - 3711 1828.","robots":{"index":"index","follow":"follow","max-snippet":"max-snippet:-1","max-image-preview":"max-image-preview:large","max-video-preview":"max-video-preview:-1"},"canonical":"https:\/\/frea.edu.br\/site\/index.php\/inicio\/","og_locale":"pt_BR","og_type":"article","og_title":"FREA - FUNDA\u00c7\u00c3O REGIONAL EDUCACIONAL DE AVAR\u00c9","og_description":"A tradi\u00e7\u00e3o \u00e9 nossa. A oportunidade \u00e9 sua. Venha estudar na FREA. Acesse nosso site ou ligue-nos 14 - 3711 1828.","og_url":"https:\/\/frea.edu.br\/site\/index.php\/inicio\/","og_site_name":"FREA","article_modified_time":"2017-09-25T19:05:30+00:00","og_image":[{"url":"http:\/\/frea.edu.br\/site\/wp-content\/uploads\/2012\/10\/feira-da-educacao-2017.jpg","type":"","width":"","height":""}],"schema":{"@context":"https:\/\/schema.org","@graph":[{"@type":"WebPage","@id":"https:\/\/frea.edu.br\/site\/index.php\/inicio\/","url":"https:\/\/frea.edu.br\/site\/index.php\/inicio\/","name":"FREA - FUNDA\u00c7\u00c3O REGIONAL EDUCACIONAL DE AVAR\u00c9","isPartOf":{"@id":"https:\/\/frea.edu.br\/site\/#website"},"primaryImageOfPage":{"@id":"https:\/\/frea.edu.br\/site\/index.php\/inicio\/#primaryimage"},"image":{"@id":"https:\/\/frea.edu.br\/site\/index.php\/inicio\/#primaryimage"},"thumbnailUrl":"http:\/\/frea.edu.br\/site\/wp-content\/uploads\/2012\/10\/feira-da-educacao-2017.jpg","datePublished":"2012-10-19T17:15:40+00:00","dateModified":"2017-09-25T19:05:30+00:00","description":"A tradi\u00e7\u00e3o \u00e9 nossa. A oportunidade \u00e9 sua. Venha estudar na FREA. Acesse nosso site ou ligue-nos 14 - 3711 1828.","breadcrumb":{"@id":"https:\/\/frea.edu.br\/site\/index.php\/inicio\/#breadcrumb"},"inLanguage":"pt-BR","potentialAction":[{"@type":"ReadAction","target":["https:\/\/frea.edu.br\/site\/index.php\/inicio\/"]}]},{"@type":"ImageObject","inLanguage":"pt-BR","@id":"https:\/\/frea.edu.br\/site\/index.php\/inicio\/#primaryimage","url":"http:\/\/frea.edu.br\/site\/wp-content\/uploads\/2012\/10\/feira-da-educacao-2017.jpg","contentUrl":"http:\/\/frea.edu.br\/site\/wp-content\/uploads\/2012\/10\/feira-da-educacao-2017.jpg"},{"@type":"BreadcrumbList","@id":"https:\/\/frea.edu.br\/site\/index.php\/inicio\/#breadcrumb","itemListElement":[{"@type":"ListItem","position":1,"name":"In\u00edcio","item":"https:\/\/frea.edu.br\/site\/"},{"@type":"ListItem","position":2,"name":"Bem-vindo!"}]},{"@type":"WebSite","@id":"https:\/\/frea.edu.br\/site\/#website","url":"https:\/\/frea.edu.br\/site\/","name":"FREA","description":"Funda\u00e7\u00e3o Regional Educacional de Avar\u00e9","publisher":{"@id":"https:\/\/frea.edu.br\/site\/#organization"},"potentialAction":[{"@type":"SearchAction","target":{"@type":"EntryPoint","urlTemplate":"https:\/\/frea.edu.br\/site\/?s={search_term_string}"},"query-input":{"@type":"PropertyValueSpecification","valueRequired":true,"valueName":"search_term_string"}}],"inLanguage":"pt-BR"},{"@type":"Organization","@id":"https:\/\/frea.edu.br\/site\/#organization","name":"FREA","url":"https:\/\/frea.edu.br\/site\/","logo":{"@type":"ImageObject","inLanguage":"pt-BR","@id":"https:\/\/frea.edu.br\/site\/#\/schema\/logo\/image\/","url":"https:\/\/frea.edu.br\/site\/wp-content\/uploads\/2017\/06\/frea-logo-1.jpg","contentUrl":"https:\/\/frea.edu.br\/site\/wp-content\/uploads\/2017\/06\/frea-logo-1.jpg","width":473,"height":118,"caption":"FREA"},"image":{"@id":"https:\/\/frea.edu.br\/site\/#\/schema\/logo\/image\/"}}]}},"_links":{"self":[{"href":"https:\/\/frea.edu.br\/site\/index.php\/wp-json\/wp\/v2\/pages\/8","targetHints":{"allow":["GET"]}}],"collection":[{"href":"https:\/\/frea.edu.br\/site\/index.php\/wp-json\/wp\/v2\/pages"}],"about":[{"href":"https:\/\/frea.edu.br\/site\/index.php\/wp-json\/wp\/v2\/types\/page"}],"author":[{"embeddable":true,"href":"https:\/\/frea.edu.br\/site\/index.php\/wp-json\/wp\/v2\/users\/2"}],"replies":[{"embeddable":true,"href":"https:\/\/frea.edu.br\/site\/index.php\/wp-json\/wp\/v2\/comments?post=8"}],"version-history":[{"count":149,"href":"https:\/\/frea.edu.br\/site\/index.php\/wp-json\/wp\/v2\/pages\/8\/revisions"}],"predecessor-version":[{"id":2679,"href":"https:\/\/frea.edu.br\/site\/index.php\/wp-json\/wp\/v2\/pages\/8\/revisions\/2679"}],"wp:attachment":[{"href":"https:\/\/frea.edu.br\/site\/index.php\/wp-json\/wp\/v2\/media?parent=8"}],"curies":[{"name":"wp","href":"https:\/\/api.w.org\/{rel}","templated":true}]}}